{"id":1898,"date":"2023-09-27T14:42:06","date_gmt":"2023-09-27T14:42:06","guid":{"rendered":"https:\/\/masterfnb.es\/product\/masterpan-2in1\/"},"modified":"2024-05-30T07:07:42","modified_gmt":"2024-05-30T07:07:42","slug":"masterpan-2in1","status":"publish","type":"product","link":"https:\/\/masterfnb.es\/fr\/produit\/masterpan-2in1\/","title":{"rendered":"MASTERPAN 2IN1"},"content":{"rendered":"<p>D\u00e9couvrez MASTERPAN 2IN1, la solution parfaite pour vos besoins en p\u00e2tisserie ! Cet emballage incroyable combine notre levure s\u00e8che instantan\u00e9e de qualit\u00e9 sup\u00e9rieure et l&#8217;am\u00e9liorateur de pain MASTERPAN, transformant votre routine de cuisson et acc\u00e9l\u00e9rant votre travail comme jamais auparavant.<\/p>\n<p>Quel que soit le type de pain que vous pr\u00e9parez, qu&#8217;il s&#8217;agisse de baguettes croustillantes, de pain artisanal, de bagels app\u00e9tissants, de tortillas moelleuses, de p\u00e2te \u00e0 pizza parfaite, de petits pains d\u00e9licieux ou de brioches moelleuses, le MASTERPAN 2IN1 donne d&#8217;excellents r\u00e9sultats \u00e0 chaque fois.<\/p>\n","protected":false},"excerpt":{"rendered":"<p><strong>Caract\u00e9ristiques principales du MASTERPAN 2IN1 :<\/strong><\/p>\n<ul>\n<li><strong>Fermentation puissante :<\/strong> Obtenir un processus de fermentation plus fort et plus rapide.<\/li>\n<li><strong>Go\u00fbt all\u00e9chant :<\/strong> Un pain \u00e0 la saveur app\u00e9tissante et \u00e0 la couleur dor\u00e9e.<\/li>\n<li><strong>Augmentation du volume :<\/strong> Augmente le volume de la p\u00e2te et le produit final.<\/li>\n<li><strong>Texture exceptionnelle :<\/strong> Permet d&#8217;obtenir une p\u00e2te souple, lisse et bien p\u00e9trie.<\/li>\n<li><strong>D\u00e9coupe facile :<\/strong> D\u00e9coupe du pain sans effort pour une exp\u00e9rience de cuisson agr\u00e9able.<\/li>\n<li><strong>Hydratation Boost :<\/strong> Augmente consid\u00e9rablement le taux d&#8217;hydratation.<\/li>\n<li><strong>Utilisation variable :<\/strong> Parfait pour toute une gamme de besoins de cuisson, des baguettes aux pizzas.<\/li>\n<li><strong>Emballage pratique :<\/strong> Emballage sous vide de 500 g pour une meilleure fra\u00eecheur et un stockage facile.<\/li>\n<li><strong>Dur\u00e9e de conservation : <\/strong>La qualit\u00e9 se maintient jusqu&#8217;\u00e0 deux ans dans les conditions recommand\u00e9es, sauf indication contraire.<\/li>\n<li><strong>Conservation facile : <\/strong>Apr\u00e8s ouverture, utiliser dans les 48 heures ou conserver l&#8217;emballage ferm\u00e9 au r\u00e9frig\u00e9rateur jusqu&#8217;\u00e0 8 jours.<\/li>\n<li><strong>Stockage optimal :<\/strong> La dur\u00e9e de conservation est prolong\u00e9e lorsque le produit est stock\u00e9 dans un endroit sec et frais, \u00e0 l&#8217;abri de la lumi\u00e8re, de la chaleur et de l&#8217;humidit\u00e9 excessives, \u00e0 une temp\u00e9rature inf\u00e9rieure \u00e0 20 \u00b0C et \u00e0 une humidit\u00e9 relative de 75 %.<\/li>\n<\/ul>\n","protected":false},"featured_media":1491,"template":"","meta":{"_eb_attr":"","_gspb_post_css":"","cybocfi_hide_featured_image":""},"product_brand":[],"product_cat":[79],"product_tag":[],"class_list":{"0":"post-1898","1":"product","2":"type-product","3":"status-publish","4":"has-post-thumbnail","6":"product_cat-combine","7":"","8":"woocommerce-text-align-center","9":"woocommerce-image-align-center","11":"first","12":"instock","13":"shipping-taxable","14":"product-type-simple"},"_links":{"self":[{"href":"https:\/\/masterfnb.es\/fr\/wp-json\/wp\/v2\/product\/1898","targetHints":{"allow":["GET"]}}],"collection":[{"href":"https:\/\/masterfnb.es\/fr\/wp-json\/wp\/v2\/product"}],"about":[{"href":"https:\/\/masterfnb.es\/fr\/wp-json\/wp\/v2\/types\/product"}],"wp:featuredmedia":[{"embeddable":true,"href":"https:\/\/masterfnb.es\/fr\/wp-json\/wp\/v2\/media\/1491"}],"wp:attachment":[{"href":"https:\/\/masterfnb.es\/fr\/wp-json\/wp\/v2\/media?parent=1898"}],"wp:term":[{"taxonomy":"product_brand","embeddable":true,"href":"https:\/\/masterfnb.es\/fr\/wp-json\/wp\/v2\/product_brand?post=1898"},{"taxonomy":"product_cat","embeddable":true,"href":"https:\/\/masterfnb.es\/fr\/wp-json\/wp\/v2\/product_cat?post=1898"},{"taxonomy":"product_tag","embeddable":true,"href":"https:\/\/masterfnb.es\/fr\/wp-json\/wp\/v2\/product_tag?post=1898"}],"curies":[{"name":"wp","href":"https:\/\/api.w.org\/{rel}","templated":true}]}}