{"id":1897,"date":"2023-09-27T14:41:39","date_gmt":"2023-09-27T14:41:39","guid":{"rendered":"https:\/\/masterfnb.es\/product\/ameliorant-de-panification-masterpan\/"},"modified":"2024-05-30T07:05:24","modified_gmt":"2024-05-30T07:05:24","slug":"maitre-pain-improvateur","status":"publish","type":"product","link":"https:\/\/masterfnb.es\/fr\/produit\/maitre-pain-improvateur\/","title":{"rendered":"Am\u00e9liorant de panification MASTERPAN"},"content":{"rendered":"<p>Voici l&#8217;am\u00e9liorateur de pain MASTERPAN &#8211; La cl\u00e9 du succ\u00e8s dans le monde difficile de la fabrication du pain. Nos am\u00e9liorants sp\u00e9cialement formul\u00e9s renforcent la p\u00e2te pendant toutes les phases de fabrication, m\u00eame dans les environnements les plus exigeants, et garantissent des r\u00e9sultats standardis\u00e9s.<\/p>\n<p>D\u00e9velopp\u00e9 par notre \u00e9quipe R&amp;D, l&#8217;am\u00e9liorateur de panification MASTERPAN offre des solutions sp\u00e9cifiques \u00e0 chaque r\u00e9gion. Nos experts techniques effectuent des visites r\u00e9guli\u00e8res pour s&#8217;assurer que nos produits r\u00e9pondent aux exigences du march\u00e9, ce qui conf\u00e8re \u00e0 nos partenaires un avantage concurrentiel.<\/p>\n","protected":false},"excerpt":{"rendered":"<p><strong>Caract\u00e9ristiques principales de l&#8217;am\u00e9liorateur de pain MASTERPAN :<\/strong><\/p>\n<ul>\n<li><strong>Utilisation variable : <\/strong>Augmente la tol\u00e9rance de contr\u00f4le de la fermentation, id\u00e9al pour les pains sp\u00e9ciaux crus, congel\u00e9s et pr\u00e9cuits.<\/li>\n<li><strong>Texture exceptionnelle :<\/strong> Application rapide et facile pour une p\u00e2te lisse sans effort.<\/li>\n<li><strong>Qualit\u00e9 constante : <\/strong>Fournit des r\u00e9sultats standardis\u00e9s, m\u00eame dans des environnements exigeants.<\/li>\n<li><strong>Large application :<\/strong> Offre des am\u00e9liorants de panification sp\u00e9cifiques \u00e0 chaque r\u00e9gion pour r\u00e9pondre aux pr\u00e9f\u00e9rences locales.<\/li>\n<li><strong>Diff\u00e9rentes tailles : <\/strong>Sachets pratiques de 50 g et 500 g ainsi que sacs Kraft de 10 kg et 20 kg en vrac pour une utilisation industrielle.<\/li>\n<li><strong>Stockage optimal : <\/strong>La dur\u00e9e de conservation est prolong\u00e9e lorsque le produit est stock\u00e9 dans un endroit sec et frais, \u00e0 l&#8217;abri de la lumi\u00e8re, de la chaleur et de l&#8217;humidit\u00e9 excessives, \u00e0 une temp\u00e9rature inf\u00e9rieure \u00e0 20 \u00b0C et \u00e0 une humidit\u00e9 relative de 75 %.<\/li>\n<li><strong>Conservation facile : <\/strong>Apr\u00e8s ouverture, utiliser dans les 48 heures ou conserver l&#8217;emballage ferm\u00e9 au r\u00e9frig\u00e9rateur jusqu&#8217;\u00e0 8 jours.<\/li>\n<li>Dur\u00e9e de conservation <strong>: <\/strong>La dur\u00e9e de conservation est de 18 mois \u00e0 partir de la date de fabrication lorsque le produit est stock\u00e9 dans des conditions optimales, sauf indication contraire.<\/li>\n<\/ul>\n","protected":false},"featured_media":1485,"template":"","meta":{"_eb_attr":"","_gspb_post_css":"","cybocfi_hide_featured_image":""},"product_brand":[],"product_cat":[85],"product_tag":[],"class_list":{"0":"post-1897","1":"product","2":"type-product","3":"status-publish","4":"has-post-thumbnail","6":"product_cat-amelioration-du-pain","7":"","8":"woocommerce-text-align-center","9":"woocommerce-image-align-center","11":"first","12":"instock","13":"shipping-taxable","14":"product-type-simple"},"_links":{"self":[{"href":"https:\/\/masterfnb.es\/fr\/wp-json\/wp\/v2\/product\/1897","targetHints":{"allow":["GET"]}}],"collection":[{"href":"https:\/\/masterfnb.es\/fr\/wp-json\/wp\/v2\/product"}],"about":[{"href":"https:\/\/masterfnb.es\/fr\/wp-json\/wp\/v2\/types\/product"}],"wp:featuredmedia":[{"embeddable":true,"href":"https:\/\/masterfnb.es\/fr\/wp-json\/wp\/v2\/media\/1485"}],"wp:attachment":[{"href":"https:\/\/masterfnb.es\/fr\/wp-json\/wp\/v2\/media?parent=1897"}],"wp:term":[{"taxonomy":"product_brand","embeddable":true,"href":"https:\/\/masterfnb.es\/fr\/wp-json\/wp\/v2\/product_brand?post=1897"},{"taxonomy":"product_cat","embeddable":true,"href":"https:\/\/masterfnb.es\/fr\/wp-json\/wp\/v2\/product_cat?post=1897"},{"taxonomy":"product_tag","embeddable":true,"href":"https:\/\/masterfnb.es\/fr\/wp-json\/wp\/v2\/product_tag?post=1897"}],"curies":[{"name":"wp","href":"https:\/\/api.w.org\/{rel}","templated":true}]}}