{"id":1724,"date":"2023-09-20T06:57:53","date_gmt":"2023-09-20T06:57:53","guid":{"rendered":"https:\/\/masterfnb.es\/pongase-en-contacto-con\/"},"modified":"2023-11-23T10:36:29","modified_gmt":"2023-11-23T10:36:29","slug":"contacto","status":"publish","type":"page","link":"https:\/\/masterfnb.es\/es\/contacto\/","title":{"rendered":"Contacto"},"content":{"rendered":"\n<div class=\"wp-block-greenshift-blocks-row gspb_row gspb_row-id-gsbp-b668ef6a-d3dd\" id=\"gspb_row-id-gsbp-b668ef6a-d3dd\"><div class=\"gspb_row__content\"> \n<div class=\"wp-block-greenshift-blocks-row-column gspb_row__col--6 gspb_col-id-gsbp-2a2ab8d8-e000\" id=\"gspb_col-id-gsbp-2a2ab8d8-e000\"><div class=\"gspb_id-gsbp-23303dd1-68f7 wp-block-greenshift-blocks-map\"><div data-key=\"gspb_id_gsbp_23303dd1_68f7\" class=\"gspb_map-wrapper gspb_osmap\" id=\"gspb_map-gsbp-23303dd1-68f7\"><\/div><\/div><\/div>\n\n\n\n<div class=\"wp-block-greenshift-blocks-row-column gspb_row__col--6 gspb_col-id-gsbp-a3824e2a-6054\" id=\"gspb_col-id-gsbp-a3824e2a-6054\">\n<h4 id=\"gspb_heading-id-gsbp-d6959792-2b14\" class=\"gspb_heading gspb_heading-id-gsbp-d6959792-2b14 \">Sede Espa\u00f1a<\/h4>\n\n\n\n<div class=\"wp-block-greenshift-blocks-iconlist gspb_iconsList gspb_iconsList-id-gsbp-2f8ecffb-3c6c\" id=\"gspb_iconsList-id-gsbp-2f8ecffb-3c6c\"><div class=\"gspb_iconsList__item\" data-id=\"0\"><svg viewBox=\"0 0 512 512\" style=\"width:5rem;height:5rem;margin:10px\" xmlns=\"http:\/\/www.w3.org\/2000\/svg\"><path d=\"M256 352c-16.53 0-33.06-5.422-47.16-16.41L0 173.2V400C0 426.5 21.49 448 48 448h416c26.51 0 48-21.49 48-48V173.2l-208.8 162.5C289.1 346.6 272.5 352 256 352zM16.29 145.3l212.2 165.1c16.19 12.6 38.87 12.6 55.06 0l212.2-165.1C505.1 137.3 512 125 512 112C512 85.49 490.5 64 464 64h-416C21.49 64 0 85.49 0 112C0 125 6.01 137.3 16.29 145.3z\"><\/path><\/svg><span class=\"gspb_iconsList__item__text\"><a href=\"mailto:info@masterfnb.com\">info@masterfnb.com<\/a><\/span><\/div><div class=\"gspb_iconsList__item\" data-id=\"1\"><svg viewBox=\"0 0 384 512\" style=\"width:5rem;height:5rem;margin:10px\" xmlns=\"http:\/\/www.w3.org\/2000\/svg\"><path d=\"M192 0C85.97 0 0 85.97 0 192c0 77.41 26.97 99.03 172.3 309.7c9.531 13.77 29.91 13.77 39.44 0C357 291 384 269.4 384 192C384 85.97 298 0 192 0zM192 271.1c-44.13 0-80-35.88-80-80S147.9 111.1 192 111.1s80 35.88 80 80S236.1 271.1 192 271.1z\"><\/path><\/svg><span class=\"gspb_iconsList__item__text\">Calle C\u00edster 1, 2 A, M\u00e1laga 29015, Espa\u00f1a<\/span><\/div><div class=\"gspb_iconsList__item\" data-id=\"2\"><svg enable-background=\"new 0 0 32 32\" style=\"width:5rem;height:5rem;margin:10px\" id=\"Layer_1\" viewBox=\"0 0 32 32\" xml:space=\"preserve\" xmlns=\"http:\/\/www.w3.org\/2000\/svg\" xmlns:xlink=\"http:\/\/www.w3.org\/1999\/xlink\"><g id=\"OUTLINE_copy_2\"><g><g><path d=\"M16,0C7.163,0,0,7.163,0,16s7.163,16,16,16c8.836,0,16-7.164,16-16S24.837,0,16,0z M16.008,24.004     c-1.536,0-2.984-0.384-4.257-1.047l-4.988,2.27l1.396-5.586c-0.872-1.414-1.396-3.09-1.396-4.887     c0-5.096,4.134-9.233,9.246-9.233c5.093,0,9.228,4.137,9.228,9.233C25.236,19.867,21.102,24.004,16.008,24.004z\"><\/path><\/g><g><path d=\"M16.008,7.371c-4.083,0-7.397,3.299-7.397,7.383c0,1.85,0.681,3.543,1.797,4.835l-1.012,2.566l2.251-1.431     c1.22,0.907,2.721,1.431,4.361,1.431c4.082,0,7.379-3.316,7.379-7.4C23.387,10.67,20.09,7.371,16.008,7.371z M20.684,17.842     c-0.07,0.366-0.942,1.152-1.623,1.309c-1.465,0.331-3.541-0.838-4.885-2.076c-1.344-1.221-2.686-3.194-2.494-4.678     c0.087-0.681,0.802-1.623,1.151-1.745c0.157-0.035,0.383-0.035,0.593-0.035c0.244,0.017,0.454,0.035,0.524,0.174l0.785,2.042     c0.052,0.157-0.07,0.331-0.227,0.524c-0.226,0.262-0.261,0.279-0.471,0.559c-0.104,0.139-0.035,0.314,0,0.383     c0.227,0.541,0.75,1.152,1.221,1.588c0.489,0.437,1.133,0.908,1.692,1.099c0.035,0,0.244,0.087,0.401,0.052     c0.139-0.017,0.226-0.122,0.348-0.279c0.226-0.279,0.314-0.384,0.506-0.646c0.157-0.192,0.313-0.262,0.472-0.175l1.779,0.821     c0.14,0.07,0.192,0.244,0.209,0.489C20.701,17.459,20.719,17.686,20.684,17.842z\"><\/path><\/g><\/g><\/g><\/svg><span class=\"gspb_iconsList__item__text\"><a href=\"https:\/\/wa.me\/34607397323\" data-type=\"link\" data-id=\"https:\/\/wa.me\/34608937376\">+34 607 39 73 23<\/a><\/span><\/div><\/div>\n<\/div>\n <\/div><\/div>\n\n\n\n<hr class=\"wp-block-separator has-text-color has-accent-color has-alpha-channel-opacity has-accent-background-color has-background is-style-default\"\/>\n\n\n\n<div class=\"wp-block-greenshift-blocks-row gspb_row gspb_row-id-gsbp-94684c91-0c40\" id=\"gspb_row-id-gsbp-94684c91-0c40\"><div class=\"gspb_row__content\"> \n<div class=\"wp-block-greenshift-blocks-row-column gspb_row__col--6 gspb_col-id-gsbp-c5705e5f-7bb9\" id=\"gspb_col-id-gsbp-c5705e5f-7bb9\"><div class=\"gspb_id-gsbp-237975f7-f24a wp-block-greenshift-blocks-map\"><div data-key=\"gspb_id_gsbp_237975f7_f24a\" class=\"gspb_map-wrapper gspb_osmap\" id=\"gspb_map-gsbp-237975f7-f24a\"><\/div><\/div><\/div>\n\n\n\n<div class=\"wp-block-greenshift-blocks-row-column gspb_row__col--6 gspb_col-id-gsbp-82784bc4-1bb9\" id=\"gspb_col-id-gsbp-82784bc4-1bb9\">\n<h4 id=\"gspb_heading-id-gsbp-d39275f3-f09a\" class=\"gspb_heading gspb_heading-id-gsbp-d39275f3-f09a \">Sede Turqu\u00eda<\/h4>\n\n\n\n<div class=\"wp-block-greenshift-blocks-iconlist gspb_iconsList gspb_iconsList-id-gsbp-e59bea20-a411\" id=\"gspb_iconsList-id-gsbp-e59bea20-a411\"><div class=\"gspb_iconsList__item\" data-id=\"0\"><svg viewBox=\"0 0 512 512\" style=\"width:5rem;height:5rem;margin:10px\" xmlns=\"http:\/\/www.w3.org\/2000\/svg\"><path d=\"M256 352c-16.53 0-33.06-5.422-47.16-16.41L0 173.2V400C0 426.5 21.49 448 48 448h416c26.51 0 48-21.49 48-48V173.2l-208.8 162.5C289.1 346.6 272.5 352 256 352zM16.29 145.3l212.2 165.1c16.19 12.6 38.87 12.6 55.06 0l212.2-165.1C505.1 137.3 512 125 512 112C512 85.49 490.5 64 464 64h-416C21.49 64 0 85.49 0 112C0 125 6.01 137.3 16.29 145.3z\"><\/path><\/svg><span class=\"gspb_iconsList__item__text\"><a href=\"mailto:info@masterfnb.com\">info@masterfnb.com<\/a><\/span><\/div><div class=\"gspb_iconsList__item\" data-id=\"1\"><svg viewBox=\"0 0 384 512\" style=\"width:5rem;height:5rem;margin:10px\" xmlns=\"http:\/\/www.w3.org\/2000\/svg\"><path d=\"M192 0C85.97 0 0 85.97 0 192c0 77.41 26.97 99.03 172.3 309.7c9.531 13.77 29.91 13.77 39.44 0C357 291 384 269.4 384 192C384 85.97 298 0 192 0zM192 271.1c-44.13 0-80-35.88-80-80S147.9 111.1 192 111.1s80 35.88 80 80S236.1 271.1 192 271.1z\"><\/path><\/svg><span class=\"gspb_iconsList__item__text\">K\u00fc\u00e7\u00fck \u00c7aml\u0131ca, \u00dc\u00e7er Sk. No: 12 D:1\u00dcsk\u00fcdar, 34696 \u00dcsk\u00fcdar\/Estambul<\/span><\/div><div class=\"gspb_iconsList__item\" data-id=\"2\"><svg class=\"\" style=\"display:inline-block;vertical-align:middle\" width=\"18\" height=\"18\" viewBox=\"0 0 1024 1024\" xmlns=\"http:\/\/www.w3.org\/2000\/svg\"><path style=\"fill:#565D66\" d=\"M953 45.8l-188.4-43.4c-43.2-10-87.2 12.4-104.6 53.2l-87 203c-16 37.2-5.2 81.2 26.2 106.8l80 65.4c-57.2 104.8-143.6 191.2-248.4 248.2l-65.4-80c-25.6-31.4-69.6-42.2-106.8-26.2l-203.2 87c-40.8 17.4-63 61.4-53.2 104.6l43.4 188.4c9.6 41.8 46.4 71 89.2 71 489.8 0.2 889.2-396.4 889.2-888.8 0-42.8-29.2-79.6-71-89.2zM138.6 928l-41.8-181.4 196.4-84.2 111.4 136.2c197.6-92.8 301.2-196 394-394l-136.2-111.4 84.2-196.4 181.4 41.8c-2 435.2-354.2 787.4-789.4 789.4z\"><\/path><\/svg><span class=\"gspb_iconsList__item__text\"><a href=\"tel:+902167599886\">+90 216 759 98 86<\/a><\/span><\/div><\/div>\n<\/div>\n <\/div><\/div>\n\n\n\n<hr class=\"wp-block-separator has-text-color has-accent-color has-alpha-channel-opacity has-accent-background-color has-background is-style-default\"\/>\n\n\n\n<div class=\"wp-block-greenshift-blocks-row gspb_row gspb_row-id-gsbp-53c19d55-6302\" id=\"gspb_row-id-gsbp-53c19d55-6302\"><div class=\"gspb_row__content\"> \n<div class=\"wp-block-greenshift-blocks-row-column gspb_row__col--6 gspb_col-id-gsbp-a8ab7ef9-d325\" id=\"gspb_col-id-gsbp-a8ab7ef9-d325\"><div class=\"gspb_id-gsbp-36a9f97e-86c7 wp-block-greenshift-blocks-map\"><div data-key=\"gspb_id_gsbp_36a9f97e_86c7\" class=\"gspb_map-wrapper gspb_osmap\" id=\"gspb_map-gsbp-36a9f97e-86c7\"><\/div><\/div><\/div>\n\n\n\n<div class=\"wp-block-greenshift-blocks-row-column gspb_row__col--6 gspb_col-id-gsbp-dc76aa3b-8e74\" id=\"gspb_col-id-gsbp-dc76aa3b-8e74\">\n<h4 id=\"gspb_heading-id-gsbp-c6796735-bf0f\" class=\"gspb_heading gspb_heading-id-gsbp-c6796735-bf0f \">F\u00e1brica de Turqu\u00eda<\/h4>\n\n\n\n<div class=\"wp-block-greenshift-blocks-iconlist gspb_iconsList gspb_iconsList-id-gsbp-a671722f-5c8d\" id=\"gspb_iconsList-id-gsbp-a671722f-5c8d\"><div class=\"gspb_iconsList__item\" data-id=\"0\"><svg viewBox=\"0 0 512 512\" style=\"width:5rem;height:5rem;margin:10px\" xmlns=\"http:\/\/www.w3.org\/2000\/svg\"><path d=\"M256 352c-16.53 0-33.06-5.422-47.16-16.41L0 173.2V400C0 426.5 21.49 448 48 448h416c26.51 0 48-21.49 48-48V173.2l-208.8 162.5C289.1 346.6 272.5 352 256 352zM16.29 145.3l212.2 165.1c16.19 12.6 38.87 12.6 55.06 0l212.2-165.1C505.1 137.3 512 125 512 112C512 85.49 490.5 64 464 64h-416C21.49 64 0 85.49 0 112C0 125 6.01 137.3 16.29 145.3z\"><\/path><\/svg><span class=\"gspb_iconsList__item__text\"><a href=\"mailto:info@masterfnb.com\">info@masterfnb.com<\/a><\/span><\/div><div class=\"gspb_iconsList__item\" data-id=\"1\"><svg viewBox=\"0 0 384 512\" style=\"width:5rem;height:5rem;margin:10px\" xmlns=\"http:\/\/www.w3.org\/2000\/svg\"><path d=\"M192 0C85.97 0 0 85.97 0 192c0 77.41 26.97 99.03 172.3 309.7c9.531 13.77 29.91 13.77 39.44 0C357 291 384 269.4 384 192C384 85.97 298 0 192 0zM192 271.1c-44.13 0-80-35.88-80-80S147.9 111.1 192 111.1s80 35.88 80 80S236.1 271.1 192 271.1z\"><\/path><\/svg><span class=\"gspb_iconsList__item__text\">DESBAS Zona Franca Tuzla\/ISTANBUL<\/span><\/div><\/div>\n<\/div>\n <\/div><\/div>\n","protected":false},"excerpt":{"rendered":"","protected":false},"author":1,"featured_media":0,"parent":0,"menu_order":0,"comment_status":"closed","ping_status":"closed","template":"","meta":{"_eb_attr":"","_gspb_post_css":"#gspb_row-id-gsbp-b668ef6a-d3dd{justify-content:space-between;margin-top:0;margin-bottom:0;display:flex;flex-wrap:wrap}.gspb_row{position:relative}div[id^=gspb_col-id]{box-sizing:border-box;position:relative;padding:var(--gs-row-column-padding, 15px min(3vw, 20px))}#gspb_heading-id-gsbp-8e263f0{margin-top:0}#gspb_iconsList-id-gsbp-b1fd89b.gspb_iconsList .gspb_iconsList__item__text{margin-left:15px}#gspb_iconsList-id-gsbp-b1fd89b.gspb_iconsList .gspb_iconsList__item{display:flex;flex-direction:row;align-items:center;position:relative}#gspb_iconsList-id-gsbp-b1fd89b.gspb_iconsList .gspb_iconsList__item svg path{fill:#2184f9!important}body #gspb_iconsList-id-gsbp-a671722f-5c8d.gspb_iconsList .gspb_iconsList__item img,body #gspb_iconsList-id-gsbp-a671722f-5c8d.gspb_iconsList .gspb_iconsList__item svg,body #gspb_iconsList-id-gsbp-b1fd89b.gspb_iconsList .gspb_iconsList__item img,body #gspb_iconsList-id-gsbp-b1fd89b.gspb_iconsList .gspb_iconsList__item svg{margin:0!important}#gspb_iconsList-id-gsbp-b1fd89b.gspb_iconsList [data-id='0'] svg{height:30px!important;width:30px!important;min-width:30px!important;fill:var(--wp--preset--color--contrast, var(--contrast))!important;margin:0!important}#gspb_iconsList-id-gsbp-b1fd89b.gspb_iconsList [data-id='0'] svg path,#gspb_iconsList-id-gsbp-b1fd89b.gspb_iconsList [data-id='1'] svg{fill:var(--wp--preset--color--contrast, var(--contrast))!important}#gspb_iconsList-id-gsbp-b1fd89b.gspb_iconsList [data-id='1'] svg,#gspb_iconsList-id-gsbp-b1fd89b.gspb_iconsList [data-id='2'] svg{height:30px!important;width:30px!important;min-width:30px!important;margin:0!important}#gspb_iconsList-id-gsbp-b1fd89b.gspb_iconsList [data-id='1'] svg path,#gspb_iconsList-id-gsbp-b1fd89b.gspb_iconsList [data-id='2'] svg,#gspb_iconsList-id-gsbp-b1fd89b.gspb_iconsList [data-id='2'] svg path{fill:var(--wp--preset--color--contrast, var(--contrast))!important}#gspb_row-id-gsbp-53c19d55-6302{justify-content:space-between;margin-top:0;margin-bottom:0;display:flex;flex-wrap:wrap}#gspb_row-id-gsbp-53c19d55-6302>.gspb_row__content,#gspb_row-id-gsbp-b668ef6a-d3dd>.gspb_row__content{display:flex;justify-content:space-between;margin:0 auto;width:100%;flex-wrap:wrap;max-width:1200px}#gspb_col-id-gsbp-a8ab7ef9-d325.gspb_row__col--6{width:50%}@media (max-width:575.98px){#gspb_col-id-gsbp-a8ab7ef9-d325.gspb_row__col--6{width:100%}}#gspb_col-id-gsbp-dc76aa3b-8e74.gspb_row__col--6{width:50%}@media (max-width:575.98px){#gspb_col-id-gsbp-dc76aa3b-8e74.gspb_row__col--6{width:100%}}#gspb_heading-id-gsbp-c6796735-bf0f,#gspb_heading-id-gsbp-c6796735-bf0f .gsap-g-line{text-align:left!important}@media (max-width:575.98px){#gspb_heading-id-gsbp-c6796735-bf0f,#gspb_heading-id-gsbp-c6796735-bf0f .gsap-g-line{text-align:center!important}}#gspb_heading-id-gsbp-c6796735-bf0f{margin-top:0}#gspb_iconsList-id-gsbp-a671722f-5c8d.gspb_iconsList .gspb_iconsList__item__text{margin-left:15px}#gspb_iconsList-id-gsbp-a671722f-5c8d.gspb_iconsList .gspb_iconsList__item{display:flex;flex-direction:row;align-items:center;position:relative;margin-bottom:10px}#gspb_iconsList-id-gsbp-a671722f-5c8d.gspb_iconsList .gspb_iconsList__item svg path{fill:#2184f9!important}#gspb_iconsList-id-gsbp-a671722f-5c8d.gspb_iconsList [data-id='0'] svg:hover,#gspb_iconsList-id-gsbp-a671722f-5c8d.gspb_iconsList [data-id='0'] svg:hover path,#gspb_iconsList-id-gsbp-a671722f-5c8d.gspb_iconsList [data-id='1'] svg:hover,#gspb_iconsList-id-gsbp-a671722f-5c8d.gspb_iconsList [data-id='1'] svg:hover path{fill:var(--wp--preset--color--accent, var(--accent))!important}#gspb_iconsList-id-gsbp-a671722f-5c8d.gspb_iconsList [data-id='0'] svg,#gspb_iconsList-id-gsbp-a671722f-5c8d.gspb_iconsList [data-id='1'] svg{height:30px!important;width:30px!important;min-width:30px!important;fill:var(--wp--preset--color--contrast, var(--contrast))!important;margin:0!important}#gspb_iconsList-id-gsbp-a671722f-5c8d.gspb_iconsList [data-id='0'] svg path,#gspb_iconsList-id-gsbp-a671722f-5c8d.gspb_iconsList [data-id='1'] svg path{fill:var(--wp--preset--color--contrast, var(--contrast))!important}.gspb_id-gsbp-faf6c62,.gspb_id-gsbp-fed83fa{display:flex}.gspb_id-gsbp-faf6c62 .gspb_map-wrapper,.gspb_id-gsbp-fed83fa .gspb_map-wrapper{width:100%;height:200px;isolation:isolate}","cybocfi_hide_featured_image":"","footnotes":""},"class_list":["post-1724","page","type-page","status-publish"],"_links":{"self":[{"href":"https:\/\/masterfnb.es\/es\/wp-json\/wp\/v2\/pages\/1724","targetHints":{"allow":["GET"]}}],"collection":[{"href":"https:\/\/masterfnb.es\/es\/wp-json\/wp\/v2\/pages"}],"about":[{"href":"https:\/\/masterfnb.es\/es\/wp-json\/wp\/v2\/types\/page"}],"author":[{"embeddable":true,"href":"https:\/\/masterfnb.es\/es\/wp-json\/wp\/v2\/users\/1"}],"replies":[{"embeddable":true,"href":"https:\/\/masterfnb.es\/es\/wp-json\/wp\/v2\/comments?post=1724"}],"version-history":[{"count":7,"href":"https:\/\/masterfnb.es\/es\/wp-json\/wp\/v2\/pages\/1724\/revisions"}],"predecessor-version":[{"id":2137,"href":"https:\/\/masterfnb.es\/es\/wp-json\/wp\/v2\/pages\/1724\/revisions\/2137"}],"wp:attachment":[{"href":"https:\/\/masterfnb.es\/es\/wp-json\/wp\/v2\/media?parent=1724"}],"curies":[{"name":"wp","href":"https:\/\/api.w.org\/{rel}","templated":true}]}}