{"id":3107,"date":"2024-04-29T11:30:41","date_gmt":"2024-04-29T11:30:41","guid":{"rendered":"https:\/\/masterfnb.es\/%d8%a7%d8%aa%d9%81%d8%a7%d9%82-%d8%a7%d9%84%d8%b3%d8%b1%d9%8a%d8%a9-2\/"},"modified":"2024-07-04T12:40:44","modified_gmt":"2024-07-04T12:40:44","slug":"%d8%a7%d8%aa%d9%81%d8%a7%d9%82-%d8%a7%d9%84%d8%b3%d8%b1%d9%8a%d8%a9-2","status":"publish","type":"page","link":"https:\/\/masterfnb.es\/ar\/%d8%a7%d8%aa%d9%81%d8%a7%d9%82-%d8%a7%d9%84%d8%b3%d8%b1%d9%8a%d8%a9-2\/","title":{"rendered":"\u0627\u062a\u0641\u0627\u0642 \u0627\u0644\u0633\u0631\u064a\u0629"},"content":{"rendered":"\n<p>\u062a\u0645 \u0625\u0639\u062f\u0627\u062f \u0625\u0634\u0639\u0627\u0631 \u0627\u0644\u062e\u0635\u0648\u0635\u064a\u0629 \u0647\u0630\u0627 \u0648\u0641\u0642\u064b\u0627 \u0644\u0644\u0642\u0627\u0646\u0648\u0646 \u0631\u0642\u0645 6698 \u0628\u0634\u0623\u0646 \u062d\u0645\u0627\u064a\u0629 \u0627\u0644\u0628\u064a\u0627\u0646\u0627\u062a \u0627\u0644\u0634\u062e\u0635\u064a\u0629 (&#8220;\u0627\u0644\u0642\u0627\u0646\u0648\u0646&#8221;) \u0648\u0627\u0644\u062a\u0634\u0631\u064a\u0639\u0627\u062a \u0627\u0644\u062b\u0627\u0646\u0648\u064a\u0629 \u0630\u0627\u062a \u0627\u0644\u0635\u0644\u0629 \u0645\u0646 \u0642\u0628\u0644 \u0645\u0631\u0627\u0642\u0628 \u0627\u0644\u0628\u064a\u0627\u0646\u0627\u062a <strong>MASTER MAYA GIDA DI\u015e D\u0130CARET ANON\u0130M \u015e\u0130RKET\u0130 <\/strong>(&#8220;\u0634\u0631\u0643\u062a\u0646\u0627&#8221;) \u0645\u0646 \u0623\u062c\u0644 \u0625\u0628\u0644\u0627\u063a \u0645\u0645\u062b\u0644\u064a \u0634\u0631\u0643\u0627\u0621 \u0627\u0644\u0639\u0645\u0644 \u0648\u0627\u0644\u0645\u0648\u0638\u0641\u064a\u0646 \u0628\u0627\u0644\u0625\u062c\u0631\u0627\u0621\u0627\u062a \u0648\u0627\u0644\u0645\u0628\u0627\u062f\u0626 \u0627\u0644\u0645\u062a\u0639\u0644\u0642\u0629 \u0628\u0645\u0639\u0627\u0644\u062c\u0629 \u0628\u064a\u0627\u0646\u0627\u062a\u0647\u0645 \u0627\u0644\u0634\u062e\u0635\u064a\u0629. \u064a\u0646\u0637\u0628\u0642 \u0639\u0644\u064a\u0643 \u0625\u0634\u0639\u0627\u0631 \u0627\u0644\u062e\u0635\u0648\u0635\u064a\u0629 \u0647\u0630\u0627 \u0625\u0630\u0627 \u0643\u0646\u062a \u0634\u0631\u064a\u0643\u064b\u0627 \u062a\u062c\u0627\u0631\u064a\u064b\u0627 \u0641\u0631\u062f\u064a\u064b\u0627 \u0644\u0634\u0631\u0643\u062a\u0646\u0627 \u0623\u0648 \u0625\u0630\u0627 \u0643\u0646\u062a \u0645\u0645\u062b\u0644\u064b\u0627 \u0623\u0648 \u0645\u0648\u0638\u0641\u064b\u0627 \u0644\u0634\u0631\u064a\u0643 \u062a\u062c\u0627\u0631\u064a \u064a\u062a\u0641\u0627\u0639\u0644 \u0645\u0639 \u0634\u0631\u0643\u062a\u0646\u0627 \u0646\u064a\u0627\u0628\u0629\u064b \u0639\u0646 \u0634\u0631\u064a\u0643 \u0627\u0644\u0623\u0639\u0645\u0627\u0644 \u0647\u0630\u0627.<\/p>\n\n<p><strong>\u0628\u064a\u0627\u0646\u0627\u062a\u0643 \u0627\u0644\u0634\u062e\u0635\u064a\u0629 \u0627\u0644\u0645\u0639\u0627\u0644\u062c\u0629 \u0648\u0627\u0644\u063a\u0631\u0636 \u0645\u0646 \u0627\u0644\u0645\u0639\u0627\u0644\u062c\u0629<\/strong><\/p>\n\n<p>\u062a\u062a\u0645 \u0645\u0639\u0627\u0644\u062c\u0629 \u0628\u064a\u0627\u0646\u0627\u062a\u0643 \u0627\u0644\u0634\u062e\u0635\u064a\u0629 \u0627\u0644\u0645\u062d\u062f\u062f\u0629 \u0623\u062f\u0646\u0627\u0647 (&#8220;\u0627\u0644\u0628\u064a\u0627\u0646\u0627\u062a \u0627\u0644\u0634\u062e\u0635\u064a\u0629&#8221;) \u0641\u064a \u0625\u0637\u0627\u0631 \u0634\u0631\u0648\u0637 \u0645\u0639\u0627\u0644\u062c\u0629 \u0627\u0644\u0628\u064a\u0627\u0646\u0627\u062a \u0627\u0644\u0634\u062e\u0635\u064a\u0629 \u0627\u0644\u0645\u062d\u062f\u062f\u0629 \u0641\u064a \u0627\u0644\u0645\u0627\u062f\u062a\u064a\u0646 5 \u06486 \u0645\u0646 \u0627\u0644\u0642\u0627\u0646\u0648\u0646 \u0644\u0623\u063a\u0631\u0627\u0636 (\u0623) \u062a\u0646\u0641\u064a\u0630 \u0639\u0645\u0644\u064a\u0627\u062a \u0627\u0644\u0639\u0642\u062f, (\u0628) \u062a\u0646\u0641\u064a\u0630 \u0639\u0645\u0644\u064a\u0627\u062a \u0628\u064a\u0639 \u0627\u0644\u0633\u0644\u0639\/\u0627\u0644\u062e\u062f\u0645\u0627\u062a, (\u062c) \u0625\u062f\u0627\u0631\u0629 \u0639\u0645\u0644\u064a\u0629 \u062a\u0623\u0647\u064a\u0644 \u0627\u0644\u0645\u0648\u0631\u062f\u064a\u0646 \u0648 (\u062f) \u062a\u0648\u0641\u064a\u0631 \u0627\u0644\u0645\u0639\u0644\u0648\u0645\u0627\u062a \u0644\u0644\u0623\u0634\u062e\u0627\u0635 \u0648\u0627\u0644\u0645\u0624\u0633\u0633\u0627\u062a \u0648\u0627\u0644\u0645\u0646\u0638\u0645\u0627\u062a \u0627\u0644\u0645\u0635\u0631\u062d \u0644\u0647\u0627:<\/p>\n\n<ul class=\"wp-block-list\">\n<li>\u0628\u064a\u0627\u0646\u0627\u062a\u0643 \u0641\u064a \u0641\u0626\u0629 \u0627\u0644\u0647\u0648\u064a\u0629 \u0627\u0644\u062a\u064a \u062a\u062a\u0643\u0648\u0646 \u0645\u0646 \u0627\u0633\u0645\u0643 \u0648\u0644\u0642\u0628\u0643 \u0648\u0631\u0642\u0645 \u0647\u0648\u064a\u062a\u0643 \u0627\u0644\u062a\u0631\u0643\u064a\u0629 \u0648\u062a\u0627\u0631\u064a\u062e \u0645\u064a\u0644\u0627\u062f\u0643 \u0648\u062a\u0648\u0642\u064a\u0639\u0643,<\/li>\n\n\n\n<li>\u0628\u064a\u0627\u0646\u0627\u062a\u0643 \u0641\u064a \u0641\u0626\u0629 \u062c\u0647\u0627\u062a \u0627\u0644\u0627\u062a\u0635\u0627\u0644\u060c \u0628\u0645\u0627 \u0641\u064a \u0630\u0644\u0643 \u0639\u0646\u0648\u0627\u0646\u0643 \u0648\u0639\u0646\u0648\u0627\u0646 \u0628\u0631\u064a\u062f\u0643 \u0627\u0644\u0625\u0644\u0643\u062a\u0631\u0648\u0646\u064a \u0648\u0631\u0642\u0645 \u0647\u0627\u062a\u0641\u0643,<\/li>\n\n\n\n<li>\u0628\u064a\u0627\u0646\u0627\u062a\u0643 \u0627\u0644\u0645\u0627\u0644\u064a\u0629 \u0627\u0644\u062a\u064a \u062a\u062a\u0643\u0648\u0646 \u0645\u0646 \u0627\u0644\u0631\u0642\u0645 \u0627\u0644\u0636\u0631\u064a\u0628\u064a \u0648\u0631\u0642\u0645 \u0627\u0644\u062d\u0633\u0627\u0628 \u0627\u0644\u0645\u0635\u0631\u0641\u064a \u0648\u0645\u0639\u0644\u0648\u0645\u0627\u062a \u0627\u0644\u0641\u0648\u0627\u062a\u064a\u0631 \u0648\u0628\u064a\u0627\u0646\u0627\u062a \u0641\u0626\u0629 \u0627\u0644\u062e\u0628\u0631\u0629 \u0627\u0644\u0645\u0647\u0646\u064a\u0629 \u0627\u0644\u062e\u0627\u0635\u0629 \u0628\u0643 \u0627\u0644\u062a\u064a \u062a\u062a\u0643\u0648\u0646 \u0645\u0646 \u0634\u0647\u0627\u062f\u0629 \u0627\u0644\u0646\u0634\u0627\u0637\u060c \u0648\u062a\u0633\u062c\u064a\u0644 \u0627\u0644\u063a\u0631\u0641\u0629 \u0627\u0644\u0645\u0647\u0646\u064a\u0629 \u0645\u0646 \u0623\u062c\u0644 \u062a\u0646\u0641\u064a\u0630 \u0627\u0644\u0639\u0642\u062f,<\/li>\n\n\n\n<li>\u0625\u0630\u0627 \u0643\u0646\u062a \u0645\u0641\u0648\u0636\u0627\u064b \u0628\u0627\u0644\u062a\u0645\u062b\u064a\u0644 \u0648\u0627\u0644\u0625\u0644\u0632\u0627\u0645\u060c \u064a\u064f\u0631\u062c\u0649 \u062a\u0642\u062f\u064a\u0645 \u062a\u0639\u0645\u064a\u0645 \u0628\u0627\u0644\u062a\u0648\u0642\u064a\u0639 \u0648\u0627\u0644\u062a\u0648\u0642\u064a\u0639.<\/li>\n<\/ul>\n\n<p><strong>\u0625\u0644\u0649 \u0645\u0646 \u0648\u0644\u0623\u064a \u0623\u063a\u0631\u0627\u0636 \u064a\u0645\u0643\u0646 \u0646\u0642\u0644 \u0628\u064a\u0627\u0646\u0627\u062a\u0643 \u0627\u0644\u0634\u062e\u0635\u064a\u0629\u061f<\/strong> \u0642\u062f \u062a\u062a\u0645 \u0645\u0634\u0627\u0631\u0643\u0629 \u0628\u064a\u0627\u0646\u0627\u062a\u0643 \u0627\u0644\u0634\u062e\u0635\u064a\u0629 \u0648\u0646\u0642\u0644\u0647\u0627 \u0645\u0646 \u0642\u0628\u0644 \u0634\u0631\u0643\u0629 <strong>\u0645\u0627\u0633\u062a\u0631 \u0645\u0627\u064a\u0627 \u063a\u064a\u062f\u0627 \u062f\u064a \u0634\u0627\u0631\u064a\u062a \u0623\u0646\u0648\u0646\u064a\u0645<\/strong> \u0641\u064a \u0625\u0637\u0627\u0631 \u0634\u0631\u0648\u0637 \u0648\u0623\u063a\u0631\u0627\u0636 \u0645\u0639\u0627\u0644\u062c\u0629 \u0627\u0644\u0628\u064a\u0627\u0646\u0627\u062a \u0627\u0644\u0634\u062e\u0635\u064a\u0629 \u0627\u0644\u0645\u062d\u062f\u062f\u0629 \u0641\u064a \u0627\u0644\u0645\u0627\u062f\u062a\u064a\u0646 8 \u06489 \u0645\u0646 \u0627\u0644\u0642\u0627\u0646\u0648\u0646\u060c \u0644\u0646\u0641\u0633 \u0623\u063a\u0631\u0627\u0636 \u0627\u0644\u0645\u0639\u0627\u0644\u062c\u0629 \u0627\u0644\u0645\u0630\u0643\u0648\u0631\u0629 \u0623\u0639\u0644\u0627\u0647\u060c \u0645\u0639 \u0634\u0631\u0643\u0627\u0621 \u0623\u0639\u0645\u0627\u0644 \u0627\u0644\u0634\u0631\u0643\u0629 \u0641\u064a \u0627\u0644\u062e\u0627\u0631\u062c \u0648\u0627\u0644\u0623\u0637\u0631\u0627\u0641 \u0627\u0644\u062b\u0627\u0644\u062b\u0629 \u0627\u0644\u062a\u064a \u062a\u062a\u0644\u0642\u0649 \u0645\u0646\u0647\u0627 \u0627\u0644\u062e\u062f\u0645\u0627\u062a.<\/p>\n\n<p><strong>\u0627\u0644\u0637\u0631\u064a\u0642\u0629 \u0648\u0627\u0644\u0623\u0633\u0627\u0633 \u0627\u0644\u0642\u0627\u0646\u0648\u0646\u064a \u0644\u062c\u0645\u0639 \u0627\u0644\u0628\u064a\u0627\u0646\u0627\u062a \u0627\u0644\u0634\u062e\u0635\u064a\u0629<\/strong> \u064a\u062a\u0645 \u062c\u0645\u0639 \u0628\u064a\u0627\u0646\u0627\u062a\u0643 \u0627\u0644\u0634\u062e\u0635\u064a\u0629 \u0625\u0644\u0643\u062a\u0631\u0648\u0646\u064a\u064b\u0627 \u0648\u0645\u0627\u062f\u064a\u064b\u0627 \u0628\u0646\u0627\u0621\u064b \u0639\u0644\u0649 \u0627\u0644\u0639\u0644\u0627\u0642\u0629 \u0627\u0644\u062a\u0639\u0627\u0642\u062f\u064a\u0629 \u0628\u064a\u0646 \u0634\u0631\u0643\u062a\u0646\u0627 \u0648\u0627\u0644\u0645\u0648\u0631\u062f\/\u0627\u0644\u0639\u0645\u064a\u0644 \u0627\u0644\u0630\u064a \u062a\u0645\u062b\u0644\u0647 \u0623\u0648 \u062a\u0639\u0645\u0644 \u0644\u062f\u064a\u0647\u060c \u0648\u0641\u0642\u064b\u0627 \u0644\u0634\u0631\u0648\u0637 \u0645\u0639\u0627\u0644\u062c\u0629 \u0627\u0644\u0628\u064a\u0627\u0646\u0627\u062a \u0627\u0644\u0634\u062e\u0635\u064a\u0629 \u0627\u0644\u0645\u062d\u062f\u062f\u0629 \u0641\u064a \u0627\u0644\u0645\u0627\u062f\u0629 5 \u0645\u0646 \u0627\u0644\u0642\u0627\u0646\u0648\u0646\u060c \u0648\u0630\u0644\u0643 \u0644\u062a\u0646\u0641\u064a\u0630 \u0627\u0644\u0639\u0642\u062f \u0627\u0644\u0630\u064a \u0642\u062f \u064a\u062a\u0645 \u0625\u0628\u0631\u0627\u0645\u0647 \u0645\u0639 \u0634\u0631\u0643\u062a\u0646\u0627\u060c \u0648\u0627\u0644\u0648\u0641\u0627\u0621 \u0628\u0627\u0644\u062a\u0632\u0627\u0645\u0646\u0627 \u0627\u0644\u0642\u0627\u0646\u0648\u0646\u064a\u060c \u0648\u0645\u0635\u0644\u062d\u062a\u0646\u0627 \u0627\u0644\u0645\u0634\u0631\u0648\u0639\u0629\u060c \u0641\u064a \u0646\u0637\u0627\u0642 \u0627\u0644\u0645\u0639\u0644\u0648\u0645\u0627\u062a \u0648\u0627\u0644\u0648\u062b\u0627\u0626\u0642 \u0627\u0644\u0645\u0642\u062f\u0645\u0629 \u0645\u0646 \u0642\u0628\u0644 \u0627\u0644\u0645\u0648\u0631\u062f\/\u0627\u0644\u0639\u0645\u064a\u0644 \u0627\u0644\u0630\u064a \u062a\u0645\u062b\u0644\u0647 \u0623\u0648 \u062a\u0639\u0645\u0644 \u0644\u062f\u064a\u0647 \u0625\u0644\u0643\u062a\u0631\u0648\u0646\u064a\u064b\u0627 \u0648\u0645\u0627\u062f\u064a\u064b\u0627.<\/p>\n\n<p><strong>\u0645\u0627 \u0647\u064a \u062d\u0642\u0648\u0642\u0643 \u0628\u0645\u0648\u062c\u0628 \u0627\u0644\u0642\u0627\u0646\u0648\u0646 \u0631\u0642\u0645 6698 \u0628\u0634\u0623\u0646 \u062d\u0645\u0627\u064a\u0629 \u0627\u0644\u0628\u064a\u0627\u0646\u0627\u062a \u0627\u0644\u0634\u062e\u0635\u064a\u0629\u061f<\/strong><\/p>\n\n<p>\u0639\u0645\u0644\u0627\u064b \u0628\u0627\u0644\u0645\u0627\u062f\u0629 11 \u0645\u0646 \u0627\u0644\u0642\u0627\u0646\u0648\u0646 \u0631\u0642\u0645 6698 \u0628\u0634\u0623\u0646 \u062d\u0645\u0627\u064a\u0629 \u0627\u0644\u0628\u064a\u0627\u0646\u0627\u062a \u0627\u0644\u0634\u062e\u0635\u064a\u0629;<\/p>\n\n<ul class=\"wp-block-list\">\n<li>\u0645\u0639\u0631\u0641\u0629 \u0645\u0627 \u0625\u0630\u0627 \u0643\u0627\u0646\u062a \u0628\u064a\u0627\u0646\u0627\u062a\u0647 \u0627\u0644\u0634\u062e\u0635\u064a\u0629 \u0642\u062f \u062a\u0645\u062a \u0645\u0639\u0627\u0644\u062c\u062a\u0647\u0627 \u0623\u0645 \u0644\u0627\u060c \u0648\u0627\u0644\u0645\u0637\u0627\u0644\u0628\u0629 \u0628\u0627\u0644\u062d\u0635\u0648\u0644 \u0639\u0644\u0649 \u0645\u0639\u0644\u0648\u0645\u0627\u062a \u062d\u0648\u0644 \u0645\u0627 \u0625\u0630\u0627 \u0643\u0627\u0646\u062a \u0628\u064a\u0627\u0646\u0627\u062a\u0647 \u0627\u0644\u0634\u062e\u0635\u064a\u0629 \u0642\u062f \u062a\u0645\u062a \u0645\u0639\u0627\u0644\u062c\u062a\u0647\u0627 \u0623\u0645 \u0644\u0627,<\/li>\n\n\n\n<li>\u0644\u0645\u0639\u0631\u0641\u0629 \u0627\u0644\u063a\u0631\u0636 \u0645\u0646 \u0645\u0639\u0627\u0644\u062c\u0629 \u0628\u064a\u0627\u0646\u0627\u062a\u0647 \u0627\u0644\u0634\u062e\u0635\u064a\u0629 \u0648\u0645\u0627 \u0625\u0630\u0627 \u0643\u0627\u0646\u062a \u0647\u0630\u0647 \u0627\u0644\u0628\u064a\u0627\u0646\u0627\u062a \u0627\u0644\u0634\u062e\u0635\u064a\u0629 \u062a\u064f\u0633\u062a\u062e\u062f\u0645 \u0628\u0645\u0627 \u064a\u062a\u0648\u0627\u0641\u0642 \u0645\u0639 \u0627\u0644\u063a\u0631\u0636,<\/li>\n\n\n\n<li>\u0645\u0639\u0631\u0641\u0629 \u0627\u0644\u0623\u0637\u0631\u0627\u0641 \u0627\u0644\u062b\u0627\u0644\u062b\u0629 \u0627\u0644\u062a\u064a \u062a\u064f\u0646\u0642\u0644 \u0625\u0644\u064a\u0647\u0627 \u0628\u064a\u0627\u0646\u0627\u062a\u0647 \u0627\u0644\u0634\u062e\u0635\u064a\u0629 \u0641\u064a \u0627\u0644\u0628\u0644\u062f \u0623\u0648 \u0641\u064a \u0627\u0644\u062e\u0627\u0631\u062c,<\/li>\n\n\n\n<li>\u0637\u0644\u0628 \u062a\u0635\u062d\u064a\u062d \u0628\u064a\u0627\u0646\u0627\u062a\u0647 \u0627\u0644\u0634\u062e\u0635\u064a\u0629 \u0641\u064a \u062d\u0627\u0644\u0629 \u0627\u0644\u0645\u0639\u0627\u0644\u062c\u0629 \u063a\u064a\u0631 \u0627\u0644\u0643\u0627\u0645\u0644\u0629 \u0623\u0648 \u063a\u064a\u0631 \u0627\u0644\u0635\u062d\u064a\u062d\u0629 \u0648\u0637\u0644\u0628 \u0625\u062e\u0637\u0627\u0631 \u0627\u0644\u0623\u0637\u0631\u0627\u0641 \u0627\u0644\u062b\u0627\u0644\u062b\u0629 \u0627\u0644\u062a\u064a \u062a\u064f\u0646\u0642\u0644 \u0625\u0644\u064a\u0647\u0627 \u0627\u0644\u0628\u064a\u0627\u0646\u0627\u062a \u0627\u0644\u0634\u062e\u0635\u064a\u0629 \u0628\u0627\u0644\u0645\u0639\u0627\u0645\u0644\u0629 \u0627\u0644\u062a\u064a \u062a\u0645\u062a \u0641\u064a \u0647\u0630\u0627 \u0627\u0644\u0646\u0637\u0627\u0642,<\/li>\n\n\n\n<li>\u0637\u0644\u0628 \u062d\u0630\u0641 \u0628\u064a\u0627\u0646\u0627\u062a\u0643 \u0627\u0644\u0634\u062e\u0635\u064a\u0629 \u0623\u0648 \u0625\u062a\u0644\u0627\u0641\u0647\u0627 \u0641\u064a \u0625\u0637\u0627\u0631 \u0627\u0644\u0634\u0631\u0648\u0637 \u0627\u0644\u0645\u0646\u0635\u0648\u0635 \u0639\u0644\u064a\u0647\u0627 \u0641\u064a \u0627\u0644\u0645\u0627\u062f\u0629 7 \u0645\u0646 \u0627\u0644\u0642\u0627\u0646\u0648\u0646\u060c \u0628\u0627\u0633\u062a\u062b\u0646\u0627\u0621 \u0627\u0644\u062d\u062f\u0648\u062f \u0627\u0644\u0642\u0627\u0646\u0648\u0646\u064a\u0629\u060c \u0648\u0637\u0644\u0628 \u0625\u062e\u0637\u0627\u0631 \u0627\u0644\u0623\u0637\u0631\u0627\u0641 \u0627\u0644\u062b\u0627\u0644\u062b\u0629 \u0627\u0644\u062a\u064a \u062a\u064f\u0646\u0642\u0644 \u0625\u0644\u064a\u0647\u0627 \u0628\u064a\u0627\u0646\u0627\u062a\u0643 \u0627\u0644\u0634\u062e\u0635\u064a\u0629 \u0628\u0627\u0644\u062d\u0630\u0641 \u0648\u0627\u0644\u0625\u062a\u0644\u0627\u0641<\/li>\n\n\n\n<li>\u0627\u0644\u0627\u0639\u062a\u0631\u0627\u0636 \u0639\u0644\u0649 \u062d\u062f\u0648\u062b \u0646\u062a\u064a\u062c\u0629 \u0636\u062f \u0627\u0644\u0634\u062e\u0635 \u0646\u0641\u0633\u0647 \u0645\u0646 \u062e\u0644\u0627\u0644 \u062a\u062d\u0644\u064a\u0644 \u0627\u0644\u0628\u064a\u0627\u0646\u0627\u062a \u0627\u0644\u062a\u064a \u062a\u062a\u0645 \u0645\u0639\u0627\u0644\u062c\u062a\u0647\u0627 \u0645\u0646 \u062e\u0644\u0627\u0644 \u0627\u0644\u0623\u0646\u0638\u0645\u0629 \u0627\u0644\u0622\u0644\u064a\u0629 \u0641\u0642\u0637,<\/li>\n\n\n\n<li>\u0625\u0630\u0627 \u062a\u0639\u0631\u0636\u062a \u0644\u0636\u0631\u0631 \u0628\u0633\u0628\u0628 \u0645\u0639\u0627\u0644\u062c\u0629 \u0628\u064a\u0627\u0646\u0627\u062a\u0643 \u0627\u0644\u0634\u062e\u0635\u064a\u0629 \u0628\u0645\u0627 \u064a\u062e\u0627\u0644\u0641 \u0627\u0644\u0642\u0627\u0646\u0648\u0646\u060c \u064a\u062d\u0642 \u0644\u0643 \u0627\u0644\u0645\u0637\u0627\u0644\u0628\u0629 \u0628\u062a\u0639\u0648\u064a\u0636 \u0639\u0646 \u0627\u0644\u0636\u0631\u0631.<\/li>\n<\/ul>\n\n<p><strong>\u0643\u064a\u0641 \u064a\u0645\u0643\u0646\u0643 \u0627\u0644\u062a\u0642\u062f\u0645 \u0628\u0637\u0644\u0628 \u0625\u0644\u0649 \u0645\u0631\u0627\u0642\u0628 \u0627\u0644\u0628\u064a\u0627\u0646\u0627\u062a\u061f<\/strong> \u064a\u0645\u0643\u0646\u0643 \u0645\u0645\u0627\u0631\u0633\u0629 \u062d\u0642\u0648\u0642\u0643 \u0627\u0644\u0645\u0630\u0643\u0648\u0631\u0629 \u0623\u0639\u0644\u0627\u0647 \u0639\u0646 \u0637\u0631\u064a\u0642 \u0627\u0644\u0627\u062a\u0635\u0627\u0644 \u0628\u0640 &#8220;Ayd\u0131nl\u0131 Sb Mah. 4. Sk. DESBA\u015e 1 Blok No: 2 \u0130\u00e7 Kap\u0131 No: Z02 Tuzla \/ \u0130stanbul&#8221; \u0645\u0639 \u0639\u0631\u064a\u0636\u0629 \u0645\u0628\u0644\u0644\u0629 \u0645\u0648\u0642\u0639\u0629 \u0628\u0627\u0644\u064a\u062f \u0623\u0648 \u0628\u0631\u0633\u0627\u0644\u0629 \u0645\u0633\u062c\u0644\u0629 \u0645\u0639 \u0625\u064a\u0635\u0627\u0644 \u0627\u0633\u062a\u0644\u0627\u0645 \u0645\u0631\u062a\u062c\u0639 \u0648\u0646\u0633\u062e\u0629 \u0645\u0646 \u0628\u0637\u0627\u0642\u0629 \u0647\u0648\u064a\u062a\u0643<em>(\u0641\u0642\u0637 \u0635\u0648\u0631\u0629 \u0627\u0644\u062c\u0627\u0646\u0628 \u0627\u0644\u0623\u0645\u0627\u0645\u064a \u0644\u0628\u0637\u0627\u0642\u0629 \u0627\u0644\u0647\u0648\u064a\u0629<\/em>) \u0623\u0648 \u0625\u0630\u0627 \u0643\u0627\u0646 \u0644\u062f\u064a\u0643 \u0639\u0646\u0648\u0627\u0646 \u0628\u0631\u064a\u062f \u0625\u0644\u0643\u062a\u0631\u0648\u0646\u064a \u0645\u0633\u062c\u0644 \u0644\u062f\u0649 \u0634\u0631\u0643\u062a\u0646\u0627\u060c \u064a\u0645\u0643\u0646\u0643 \u0627\u0633\u062a\u062e\u062f\u0627\u0645\u0647 \u0639\u0646 \u0637\u0631\u064a\u0642 \u0625\u0631\u0633\u0627\u0644\u0647 \u0625\u0644\u0649 <a href=\"mailto:legalhead@masterfnb.com\">legalhead@masterfnb.com \u0639\u0628\u0631<\/a> \u0647\u0630\u0627 \u0627\u0644\u0639\u0646\u0648\u0627\u0646 \u0627\u0644\u0625\u0644\u0643\u062a\u0631\u0648\u0646\u064a. \u0644\u0643\u064a \u064a\u062a\u0645\u0643\u0646 \u0634\u062e\u0635 \u0622\u062e\u0631 \u063a\u064a\u0631 \u0645\u0627\u0644\u0643 \u0627\u0644\u0628\u064a\u0627\u0646\u0627\u062a \u0627\u0644\u0634\u062e\u0635\u064a\u0629 \u0645\u0646 \u062a\u0642\u062f\u064a\u0645 \u0637\u0644\u0628\u060c \u064a\u062c\u0628 \u0623\u0646 \u064a\u0643\u0648\u0646 \u0647\u0646\u0627\u0643 \u062a\u0648\u0643\u064a\u0644 \u062e\u0627\u0635 \u0635\u0627\u062f\u0631 \u0645\u0646 \u0645\u0627\u0644\u0643 \u0627\u0644\u0628\u064a\u0627\u0646\u0627\u062a \u0627\u0644\u0634\u062e\u0635\u064a\u0629 \u0646\u064a\u0627\u0628\u0629\u064b \u0639\u0646 \u0645\u0642\u062f\u0645 \u0627\u0644\u0637\u0644\u0628. \u064a\u062c\u0648\u0632 \u0644\u0634\u0631\u0643\u062a\u0646\u0627 \u0623\u0646 \u062a\u0637\u0644\u0628 \u0645\u0639\u0644\u0648\u0645\u0627\u062a \u0625\u0636\u0627\u0641\u064a\u0629 \u0645\u0646 \u0627\u0644\u0634\u062e\u0635 \u0627\u0644\u0645\u0639\u0646\u064a \u0645\u0646 \u0623\u062c\u0644 \u062a\u062d\u062f\u064a\u062f \u0645\u0627 \u0625\u0630\u0627 \u0643\u0627\u0646 \u0645\u0642\u062f\u0645 \u0627\u0644\u0637\u0644\u0628 \u0647\u0648 \u0635\u0627\u062d\u0628 \u0627\u0644\u0628\u064a\u0627\u0646\u0627\u062a \u0627\u0644\u0634\u062e\u0635\u064a\u0629 \u0623\u0645 \u0644\u0627\u060c \u0648\u064a\u062c\u0648\u0632 \u0644\u0647\u0627 \u0623\u0646 \u062a\u0637\u0631\u062d \u0623\u0633\u0626\u0644\u0629 \u0639\u0644\u0649 \u0635\u0627\u062d\u0628 \u0627\u0644\u0628\u064a\u0627\u0646\u0627\u062a \u0627\u0644\u0634\u062e\u0635\u064a\u0629 \u062d\u0648\u0644 \u0637\u0644\u0628\u0647\/\u0637\u0644\u0628\u0647\u0627 \u0645\u0646 \u0623\u062c\u0644 \u062a\u0648\u0636\u064a\u062d \u0627\u0644\u0623\u0645\u0648\u0631 \u0627\u0644\u0645\u062d\u062f\u062f\u0629 \u0641\u064a \u0627\u0644\u0637\u0644\u0628. \u0633\u064a\u062a\u0645 \u0627\u0644\u0631\u062f \u0639\u0644\u0649 \u0637\u0644\u0628\u0627\u062a\u0643 \u0641\u064a \u063a\u0636\u0648\u0646 \u062b\u0644\u0627\u062b\u064a\u0646 (30) \u064a\u0648\u0645\u064b\u0627 \u0643\u062d\u062f \u0623\u0642\u0635\u0649. \u0641\u064a \u062d\u0627\u0644\u0629 \u0648\u062c\u0648\u062f \u0645\u0633\u0623\u0644\u0629 \u0646\u0627\u0642\u0635\u0629 \u0623\u0648 \u063a\u064a\u0631 \u0648\u0627\u0636\u062d\u0629 \u0641\u064a \u0627\u0644\u0645\u0639\u0644\u0648\u0645\u0627\u062a \u0623\u0648 \u0627\u0644\u0645\u0633\u062a\u0646\u062f\u0627\u062a \u0627\u0644\u0645\u0642\u062f\u0645\u0629 \u0625\u0644\u064a\u0646\u0627\u060c \u0642\u062f \u0646\u062a\u0635\u0644 \u0628\u0643 \u0645\u0646 \u0623\u062c\u0644 \u062d\u0644 \u0627\u0644\u0646\u0642\u0635 \u0648\u0639\u062f\u0645 \u0627\u0644\u064a\u0642\u064a\u0646 \u0644\u062a\u0644\u0628\u064a\u0629 \u0637\u0644\u0628\u0643. \u0639\u0644\u0649 \u0627\u0644\u0631\u063a\u0645 \u0645\u0646 \u0623\u0646 \u0627\u0644\u0645\u0628\u062f\u0623 \u0647\u0648 \u0639\u062f\u0645 \u0641\u0631\u0636 \u0623\u064a \u0631\u0633\u0648\u0645 \u0639\u0644\u0649 \u0627\u0644\u0637\u0644\u0628\u0627\u062a\u060c \u0625\u0644\u0627 \u0623\u0646 \u0627\u0644\u0634\u0631\u0643\u0629 \u062a\u062d\u062a\u0641\u0638 \u0628\u062d\u0642\u0647\u0627 \u0641\u064a \u0641\u0631\u0636 \u0631\u0633\u0648\u0645 \u0628\u0646\u0627\u0621\u064b \u0639\u0644\u0649 \u062a\u0639\u0631\u064a\u0641\u0629 \u0627\u0644\u0631\u0633\u0648\u0645 \u0627\u0644\u062a\u064a \u064a\u062d\u062f\u062f\u0647\u0627 \u0645\u062c\u0644\u0633 \u062d\u0645\u0627\u064a\u0629 \u0627\u0644\u0628\u064a\u0627\u0646\u0627\u062a \u0627\u0644\u0634\u062e\u0635\u064a\u0629.<\/p>\n","protected":false},"excerpt":{"rendered":"<p>\u062a\u0645 \u0625\u0639\u062f\u0627\u062f \u0625\u0634\u0639\u0627\u0631 \u0627\u0644\u062e\u0635\u0648\u0635\u064a\u0629 \u0647\u0630\u0627 &#8230; <a title=\"\u0627\u062a\u0641\u0627\u0642 \u0627\u0644\u0633\u0631\u064a\u0629\" class=\"read-more\" href=\"https:\/\/masterfnb.es\/ar\/%d8%a7%d8%aa%d9%81%d8%a7%d9%82-%d8%a7%d9%84%d8%b3%d8%b1%d9%8a%d8%a9-2\/\" aria-label=\"Read more about \u0627\u062a\u0641\u0627\u0642 \u0627\u0644\u0633\u0631\u064a\u0629\">Read more<\/a><\/p>\n","protected":false},"author":1,"featured_media":0,"parent":0,"menu_order":0,"comment_status":"closed","ping_status":"closed","template":"","meta":{"_eb_attr":"","_gspb_post_css":".gspb_container-id-gsbp-da02337{flex-direction:column;box-sizing:border-box}#gspb_container-id-gsbp-da02337.gspb_container>p:last-of-type{margin-bottom:0}.gspb_container{position:relative}","cybocfi_hide_featured_image":"","footnotes":""},"class_list":["post-3107","page","type-page","status-publish"],"_links":{"self":[{"href":"https:\/\/masterfnb.es\/ar\/wp-json\/wp\/v2\/pages\/3107","targetHints":{"allow":["GET"]}}],"collection":[{"href":"https:\/\/masterfnb.es\/ar\/wp-json\/wp\/v2\/pages"}],"about":[{"href":"https:\/\/masterfnb.es\/ar\/wp-json\/wp\/v2\/types\/page"}],"author":[{"embeddable":true,"href":"https:\/\/masterfnb.es\/ar\/wp-json\/wp\/v2\/users\/1"}],"replies":[{"embeddable":true,"href":"https:\/\/masterfnb.es\/ar\/wp-json\/wp\/v2\/comments?post=3107"}],"version-history":[{"count":5,"href":"https:\/\/masterfnb.es\/ar\/wp-json\/wp\/v2\/pages\/3107\/revisions"}],"predecessor-version":[{"id":3588,"href":"https:\/\/masterfnb.es\/ar\/wp-json\/wp\/v2\/pages\/3107\/revisions\/3588"}],"wp:attachment":[{"href":"https:\/\/masterfnb.es\/ar\/wp-json\/wp\/v2\/media?parent=3107"}],"curies":[{"name":"wp","href":"https:\/\/api.w.org\/{rel}","templated":true}]}}